{"id":1597,"date":"2020-06-14T17:33:48","date_gmt":"2020-06-14T15:33:48","guid":{"rendered":"http:\/\/neu.visionale-leipzig.de\/?page_id=1597"},"modified":"2025-01-26T16:56:41","modified_gmt":"2025-01-26T15:56:41","slug":"faq","status":"publish","type":"page","link":"https:\/\/visionale-leipzig.de\/ls\/wettbewerb\/faq\/","title":{"rendered":"FAQ"},"content":{"rendered":"<div class=\"wpb-content-wrapper\"><p>[vc_row type=&#8221;vc_default&#8221; bg_type=&#8221;image&#8221; parallax_style=&#8221;vcpb-vz-jquery&#8221; bg_image_new=&#8221;id^1381|url^https:\/\/visionale-leipzig.de\/wp-content\/uploads\/2020\/06\/k-IMG_1766.jpg|caption^null|alt^null|title^k-IMG_1766|description^null&#8221; bg_image_repeat=&#8221;no-repeat&#8221; bg_override=&#8221;full&#8221; enable_overlay=&#8221;enable_overlay_value&#8221; overlay_color=&#8221;rgba(0,0,0,0.5)&#8221; overlay_pattern=&#8221;transperant&#8221; css=&#8221;.vc_custom_1593545994358{padding-top: 130px !important;padding-bottom: 50px !important;background-color: #000000 !important;}&#8221;][vc_column offset=&#8221;vc_col-lg-offset-0 vc_col-md-offset-0 vc_col-sm-offset-0 vc_col-xs-12&#8243;][vc_row_inner content_placement=&#8221;middle&#8221; css=&#8221;.vc_custom_1572362638484{padding-top: 6% !important;padding-bottom: 6% !important;}&#8221;][vc_column_inner offset=&#8221;vc_col-lg-12 vc_col-md-12&#8243;]<div id=\"ultimate-heading-642969f8ad670654b\" class=\"uvc-heading ult-adjust-bottom-margin ultimate-heading-642969f8ad670654b uvc-8320 \" data-hspacer=\"no_spacer\"  data-halign=\"center\" style=\"text-align:center\"><div class=\"uvc-heading-spacer no_spacer\" style=\"top\"><\/div><div class=\"uvc-main-heading ult-responsive\"  data-ultimate-target='.uvc-heading.ultimate-heading-642969f8ad670654b h2'  data-responsive-json-new='{\"font-size\":\"desktop:90px;tablet:80px;tablet_portrait:70px;mobile_landscape:60px;mobile:50px;\",\"line-height\":\"desktop:98px;tablet:88px;tablet_portrait:78px;mobile_landscape:68px;mobile:58px;\"}' ><h2 style=\"--font-weight:theme;color:#ffffff;\">FAQ<\/h2><\/div><\/div>[\/vc_column_inner][\/vc_row_inner][\/vc_column][\/vc_row][vc_row type=&#8221;vc_default&#8221; full_height=&#8221;yes&#8221; equal_height=&#8221;yes&#8221; content_placement=&#8221;top&#8221; css=&#8221;.vc_custom_1591659259192{padding-top: 70px !important;padding-bottom: 120px !important;background-position: center !important;background-repeat: no-repeat !important;background-size: contain !important;}&#8221;][vc_column][vc_tta_accordion style=&#8221;modern&#8221; color=&#8221;peacoc&#8221; spacing=&#8221;5&#8243; gap=&#8221;25&#8243; active_section=&#8221;1&#8243; no_fill=&#8221;true&#8221; collapsible_all=&#8221;true&#8221; css=&#8221;.vc_custom_1592152609194{padding-right: 15% !important;}&#8221;][vc_tta_section i_icon_fontawesome=&#8221;fas fa-question-circle&#8221; add_icon=&#8221;true&#8221; title=&#8221;Wer kann alles am Wettbewerb teilnehmen?&#8221; tab_id=&#8221;1592148685975-fd63ee6f-7cea&#8221;][vc_column_text]Alle Kinder, Jugendlichen und jungen Erwachsenen bis einschlie\u00dflich 26 Jahre, die ihren Wohnsitz in Sachsen haben, k\u00f6nnen am Wettbewerb teilnehmen. Ihr k\u00f6nnt entweder einzeln oder in Gruppen und Teams teilnehmen. Ob Schulklasse, Seminargruppen an der Uni oder Freunde, alle Konstellationen sind m\u00f6glich. Achtet einfach darauf, dass ihr bei der Einreichung alle beteiligten Personen mit Namen und Alter auflistet.[\/vc_column_text][\/vc_tta_section][vc_tta_section i_icon_fontawesome=&#8221;fas fa-question-circle&#8221; add_icon=&#8221;true&#8221; title=&#8221;Wie viele Beitr\u00e4ge darf ich einreichen?&#8221; tab_id=&#8221;1592148686021-ca931f40-7402&#8243;][vc_column_text]Ihr k\u00f6nnt maximal 2 Projekte pro Person, Team, Klasse etc. einreichen.[\/vc_column_text][\/vc_tta_section][vc_tta_section i_icon_fontawesome=&#8221;fas fa-question-circle&#8221; add_icon=&#8221;true&#8221; title=&#8221;Wie alt darf der Beitrag sein?&#8221; tab_id=&#8221;1592150537524-4fcec1b3-91a5&#8243;][vc_column_text css=&#8221;&#8221;]Die Projekte d\u00fcrfen aus dem Vorjahr und dem laufenden Jahr stammen.<\/p>\n<p>[\/vc_column_text][\/vc_tta_section][vc_tta_section i_icon_fontawesome=&#8221;fas fa-question-circle&#8221; add_icon=&#8221;true&#8221; title=&#8221;Welche Beitr\u00e4ge d\u00fcrfen am Wettbewerb teilnehmen?&#8221; tab_id=&#8221;1592150537037-6370530f-8dbc&#8221;][vc_column_text]Bis auf das Buch in der gedruckten Form sind alle medialen Formate m\u00f6glich. Ob Film, H\u00f6rspiel, Foto, Game, App, Youtube-Kan\u00e4le uvm. Wichtig ist, dass sie pr\u00e4sentierbar sind. Wenn ihr unsicher seid, ob Euer Beitrag die Kriterien erf\u00fcllt, dann <a href=\"https:\/\/visionale-leipzig.de\/kontakt\/\">kontaktiert<\/a> uns.[\/vc_column_text][\/vc_tta_section][vc_tta_section i_icon_fontawesome=&#8221;fas fa-question-circle&#8221; add_icon=&#8221;true&#8221; title=&#8221;Kann ich bei meinem Projekt Bilder und Musik von anderen benutzen?&#8221; tab_id=&#8221;1592150536459-a414ce5a-b7f8&#8243;][vc_column_text]Ihr solltet euch auf jeden Fall an das Urheberrecht halten. Arbeiten anderer Leute, egal ob es sich dabei um Fotos, Filmausschnitte oder Musik handelt, d\u00fcrfen nicht ohne ihre ausdr\u00fcckliche Zustimmung verwendet werden. Einreichungen, die gegen das Urheberrecht versto\u00dfen, m\u00fcssen wir leider aus dem Wettbewerb nehmen.<\/p>\n<p>Wollt ihr trotzdem nicht auf Musik, Fotos oder andere Bilder verzichten, dann findet ihr im Internet verschiedene Plattformen und Datenbanken, auf denen genau f\u00fcr diesen Fall lizenzfreie Musik oder Fotos zur Verf\u00fcgung stehen und die meisten sind sogar kostenlos. Weitere Infos gibt es hier: <a href=\"https:\/\/search.creativecommons.org\/\">https:\/\/search.creativecommons.org\/<\/a>[\/vc_column_text][\/vc_tta_section][vc_tta_section i_icon_fontawesome=&#8221;fas fa-question-circle&#8221; add_icon=&#8221;true&#8221; title=&#8221;Wie kann ich gewinnen \/ Was kann ich gewinnen \/ Was passiert, wenn ich gewinne?&#8221; tab_id=&#8221;1592151631473-a8d274c4-586e&#8221;][vc_column_text]Alle eingereichten Beitr\u00e4ge werden von den <a href=\"https:\/\/visionale-leipzig.de\/wettbewerb\/jury\/\">Jurys<\/a> gesichtet und bewertet. Werden in einer <a href=\"https:\/\/visionale-leipzig.de\/wettbewerb\/kategorien-bewerbung\/\">Kategorie<\/a>, z.B. Medienstarter, mehr als 30 Beitr\u00e4ge eingereicht, kommt zudem noch eine Vor-Jury zum Einsatz. Die Jurys w\u00e4hlen die Arbeiten aus, die auf dem Medienfestival pr\u00e4sentiert werden. Das ist der erste Schritt. Alle Beitr\u00e4ge, die es auf das Festival schaffen, k\u00f6nnen theoretisch unter den Preistr\u00e4gern sein. Am Festivaltag werden dann bei der Show zuerst die jeweiligen Nominierungen bekanntgegeben, bevor im Anschluss in jeder der drei Kategorien dann die drei Hauptpreise verk\u00fcndet werden. Ob Euer Beitrag gewinnt oder nicht, erfahrt ihr also erst LIVE auf der B\u00fchne. Solltet Euer Beitrag nicht dabei sein, hat er aber die M\u00f6glichkeit, den Publikumspreis zu gewinnen. Alle auf dem Festival pr\u00e4sentierten Beitr\u00e4ge stehen daf\u00fcr in einem Onlinevoting zur Auswahl. In der Regel werden Geldpreise mit einem Wert zwischen 100 und 500 Euro verliehen.[\/vc_column_text][\/vc_tta_section][vc_tta_section i_icon_fontawesome=&#8221;fas fa-question-circle&#8221; add_icon=&#8221;true&#8221; title=&#8221;Wer bewertet meine Beitr\u00e4ge und nach welchen Kriterien werden diese bewertet?&#8221; tab_id=&#8221;1592151667341-eb5e32fe-2c16&#8243;][vc_column_text]F\u00fcr jede der drei Wettbewerbskategorien gibt es eine <a href=\"https:\/\/visionale-leipzig.de\/medienwettbewerb\/jury\/\" target=\"_blank\" rel=\"noopener noreferrer\">Jury<\/a>. Die Jury besteht aus Experten, Mitgliedern des Veranstalters und Medieninteressierten. In jeder Jury sitzen drei oder f\u00fcnf Personen.<\/p>\n<p>Jede Jury ber\u00fccksichtigt bei der Bewertung verschiedene Kriterien, die je nach Kategorie unterschiedlich gewichtet werden. Dabei ber\u00fccksichtigt die Jury zudem das Alter der TeilnehmerInnen, und den Kontext der Beitragsentstehung in der jeweiligen Kategorie. Alle Kriterien findet ihr auch auf dieser Webseite.[\/vc_column_text][\/vc_tta_section][vc_tta_section i_icon_fontawesome=&#8221;fas fa-question-circle&#8221; add_icon=&#8221;true&#8221; title=&#8221;Darf ich mich mit meinem Beitrag im n\u00e4chsten Jahr noch einmal bewerben?&#8221; tab_id=&#8221;1592151690227-f1d457d5-028e&#8221;][vc_column_text]Wenn dein Beitrag bereits am Wettbewerb teilgenommen hat (z.B. 2021), dann darf er im n\u00e4chsten Jahr nicht noch einmal eingereicht werden. Dabei ist es dann egal, ob der Beitrag f\u00fcr das Festival 2021 ausgew\u00e4hlt wurde, oder nicht.[\/vc_column_text][\/vc_tta_section][vc_tta_section i_icon_fontawesome=&#8221;fas fa-question-circle&#8221; add_icon=&#8221;true&#8221; title=&#8221;Was passiert auf dem Medienfestival?&#8221; tab_id=&#8221;1592151754579-204ccec7-bdf4&#8243;][vc_column_text]Alle, die am Wettbewerb teilgenommen haben, erhalten von uns eine Einladung, auch wenn ihr Beitrag nicht f\u00fcr das Festival ausgew\u00e4hlt wurde. Wenn dein Beitrag dabei ist, hat er theoretisch die Chance, einen der Hauptpreise zu gewinnen oder den Publikumspreis. Am Festivaltag wird er, je nachdem um was f\u00fcr einen Beitrag es sich handelt (z.B. Film, H\u00f6rspiel, Game oder Foto), an verschiedenen Stationen pr\u00e4sentiert. Zeitgleich finden verschiedene Workshops und Angebote statt. Im Anschluss findet dann die VISIONALE Show statt, bei der die Preise vergeben werden.[\/vc_column_text][\/vc_tta_section][vc_tta_section i_icon_fontawesome=&#8221;fas fa-question-circle&#8221; add_icon=&#8221;true&#8221; title=&#8221;Was passiert mit den Beitr\u00e4gen nach dem Festival?&#8221; tab_id=&#8221;1592151772378-0f03e4a8-8714&#8243;][vc_column_text]Alle Preistr\u00e4gerbeitr\u00e4ge, sofern uns dies aus lizenzrechtlichen Gr\u00fcnden m\u00f6glich ist, ver\u00f6ffentlichen wir auf der VISIONALE Webseite und unserem YouTube-Account. Die anderen Beitr\u00e4ge verbleiben in unserem Archiv und werden auf Wunsch gel\u00f6scht. Bitte achtet auch auf die <a href=\"https:\/\/visionale-leipzig.de\/wettbewerb\/kategorien-bewerbung\/\">Teilnahmebedingungen<\/a>.[\/vc_column_text][\/vc_tta_section][\/vc_tta_accordion][\/vc_column][\/vc_row][vc_row][vc_column offset=&#8221;vc_hidden-md vc_hidden-sm vc_hidden-xs&#8221;]<div class=\"ult-spacer spacer-69f8ad6706628\" data-id=\"69f8ad6706628\" data-height=\"100\" data-height-mobile=\"5\" data-height-tab=\"5\" data-height-tab-portrait=\"5\" data-height-mobile-landscape=\"5\" style=\"clear:both;display:block;\"><\/div>[vc_column_text][\/vc_column_text][\/vc_column][\/vc_row][vc_row][vc_column width=&#8221;1\/2&#8243; offset=&#8221;vc_hidden-lg vc_col-xs-6&#8243; css=&#8221;.vc_custom_1594594318618{margin-bottom: 20% !important;}&#8221;]<div id=\"highlight-box-wrap-2634\"  data-ultimate-target='#highlight-box-wrap-2634'  data-responsive-json-new='{\"font-size\":\"desktop:20px;\",\"line-height\":\"desktop:30px;\"}'  class=\"ultimate-call-to-action ult-adjust-bottom-margin  ctaction-text-center ult-responsive\" style=\"font-weight:normal;color:#ffffff;background:#00748e;padding-top:20px;padding-bottom:20px;\"  data-background=\"#00748e\"  data-background-hover=\"#b8007d\"  data-override=\"0\" ><div class=\"uvc-ctaction-data uvc-ctaction-data-no-effect ult-responsive\">Das Projekt<\/div><a class=\"ulimate-call-to-action-link\" href=\"https:\/\/visionale-leipzig.de\/wettbewerb\/das-projekt\/\" title=\"Das Projekt\" ><\/a><\/div><div id=\"highlight-box-wrap-5887\"  data-ultimate-target='#highlight-box-wrap-5887'  data-responsive-json-new='{\"font-size\":\"desktop:15px;\",\"line-height\":\"desktop:25px;\"}'  class=\"ultimate-call-to-action ult-adjust-bottom-margin  ctaction-text-center ult-responsive\" style=\"font-weight:normal;color:#ffffff;background:#00748e;padding-top:22px;padding-bottom:22px;\"  data-background=\"#00748e\"  data-background-hover=\"#b8007d\"  data-override=\"0\" ><div class=\"uvc-ctaction-data uvc-ctaction-data-no-effect ult-responsive\"><span class=\"item-title\">Kategorien &amp; Bewerbung<\/span><\/div><a class=\"ulimate-call-to-action-link\" href=\"https:\/\/visionale-leipzig.de\/wettbewerb\/kategorien-bewerbung\/\" title=\"Kategorien &amp; Bewerbung\" ><\/a><\/div><div id=\"highlight-box-wrap-3551\"  data-ultimate-target='#highlight-box-wrap-3551'  data-responsive-json-new='{\"font-size\":\"desktop:15px;\",\"line-height\":\"desktop:25px;\"}'  class=\"ultimate-call-to-action ult-adjust-bottom-margin  ctaction-text-center ult-responsive\" style=\"font-weight:normal;color:#ffffff;background:#00748e;padding-top:22px;padding-bottom:22px;\"  data-background=\"#00748e\"  data-background-hover=\"#b8007d\"  data-override=\"0\" ><div class=\"uvc-ctaction-data uvc-ctaction-data-no-effect ult-responsive\"><span class=\"item-title\">Preise &amp; Kriterien<\/span><\/div><a class=\"ulimate-call-to-action-link\" href=\"https:\/\/visionale-leipzig.de\/wettbewerb\/preise-kriterien\/\" title=\"Preise &amp; Kriterien\" ><\/a><\/div>[\/vc_column][vc_column width=&#8221;1\/2&#8243; offset=&#8221;vc_hidden-lg vc_col-xs-6&#8243; css=&#8221;.vc_custom_1594594326362{margin-bottom: 20% !important;}&#8221;]<div id=\"highlight-box-wrap-8027\"  data-ultimate-target='#highlight-box-wrap-8027'  data-responsive-json-new='{\"font-size\":\"desktop:20px;\",\"line-height\":\"desktop:30px;\"}'  class=\"ultimate-call-to-action ult-adjust-bottom-margin  ctaction-text-center ult-responsive\" style=\"font-weight:normal;color:#ffffff;background:#00748e;padding-top:20px;padding-bottom:20px;\"  data-background=\"#00748e\"  data-background-hover=\"#b8007d\"  data-override=\"0\" ><div class=\"uvc-ctaction-data uvc-ctaction-data-no-effect ult-responsive\"><span class=\"item-title\">Jury<\/span><\/div><a class=\"ulimate-call-to-action-link\" href=\"https:\/\/visionale-leipzig.de\/wettbewerb\/jury\/\" title=\"Jury\" ><\/a><\/div><div id=\"highlight-box-wrap-2410\"  data-ultimate-target='#highlight-box-wrap-2410'  data-responsive-json-new='{\"font-size\":\"desktop:15px;\",\"line-height\":\"desktop:25px;\"}'  class=\"ultimate-call-to-action ult-adjust-bottom-margin  ctaction-text-center ult-responsive\" style=\"font-weight:normal;color:#ffffff;background:#00748e;padding-top:22px;padding-bottom:22px;\"  data-background=\"#00748e\"  data-background-hover=\"#b8007d\"  data-override=\"0\" ><div class=\"uvc-ctaction-data uvc-ctaction-data-no-effect ult-responsive\"><span class=\"item-title\">Workshops &amp; Unterst\u00fctzung<\/span><\/div><a class=\"ulimate-call-to-action-link\" href=\"https:\/\/visionale-leipzig.de\/wettbewerb\/workshops-unterstuetzung\/\" title=\"Workshops &amp; Unterst\u00fctzung\" ><\/a><\/div><div id=\"highlight-box-wrap-3909\"  data-ultimate-target='#highlight-box-wrap-3909'  data-responsive-json-new='{\"font-size\":\"desktop:20px;\",\"line-height\":\"desktop:30px;\"}'  class=\"ultimate-call-to-action ult-adjust-bottom-margin  ctaction-text-center ult-responsive\" style=\"font-weight:normal;color:#ffffff;background:#00748e;padding-top:20px;padding-bottom:20px;\"  data-background=\"#00748e\"  data-background-hover=\"#b8007d\"  data-override=\"0\" ><div class=\"uvc-ctaction-data uvc-ctaction-data-no-effect ult-responsive\"><span class=\"item-title\">FAQ<\/span><\/div><a class=\"ulimate-call-to-action-link\" href=\"https:\/\/visionale-leipzig.de\/wettbewerb\/faq\/\" title=\"FAQ\" ><\/a><\/div>[\/vc_column][\/vc_row]<\/p>\n<\/div>","protected":false},"excerpt":{"rendered":"<p>[vc_row type=&#8221;vc_default&#8221; bg_type=&#8221;image&#8221; parallax_style=&#8221;vcpb-vz-jquery&#8221; bg_image_new=&#8221;id^1381|url^https:\/\/visionale-leipzig.de\/wp-content\/uploads\/2020\/06\/k-IMG_1766.jpg|caption^null|alt^null|title^k-IMG_1766|description^null&#8221; bg_image_repeat=&#8221;no-repeat&#8221; bg_override=&#8221;full&#8221; enable_overlay=&#8221;enable_overlay_value&#8221; overlay_color=&#8221;rgba(0,0,0,0.5)&#8221; overlay_pattern=&#8221;transperant&#8221; css=&#8221;.vc_custom_1593545994358{padding-top: 130px !important;padding-bottom: 50px !important;background-color: #000000 !important;}&#8221;][vc_column offset=&#8221;vc_col-lg-offset-0 vc_col-md-offset-0 vc_col-sm-offset-0 vc_col-xs-12&#8243;][vc_row_inner content_placement=&#8221;middle&#8221; css=&#8221;.vc_custom_1572362638484{padding-top: 6% !important;padding-bottom: 6% !important;}&#8221;][vc_column_inner offset=&#8221;vc_col-lg-12 vc_col-md-12&#8243;][\/vc_column_inner][\/vc_row_inner][\/vc_column][\/vc_row][vc_row type=&#8221;vc_default&#8221; full_height=&#8221;yes&#8221; equal_height=&#8221;yes&#8221; content_placement=&#8221;top&#8221; css=&#8221;.vc_custom_1591659259192{padding-top: 70px !important;padding-bottom: 120px !important;background-position: center !important;background-repeat: no-repeat !important;background-size: contain !important;}&#8221;][vc_column][vc_tta_accordion style=&#8221;modern&#8221; color=&#8221;peacoc&#8221; spacing=&#8221;5&#8243; gap=&#8221;25&#8243; active_section=&#8221;1&#8243; no_fill=&#8221;true&#8221; collapsible_all=&#8221;true&#8221; css=&#8221;.vc_custom_1592152609194{padding-right: 15% !important;}&#8221;][vc_tta_section i_icon_fontawesome=&#8221;fas&hellip;<\/p>\n","protected":false},"author":1,"featured_media":0,"parent":1519,"menu_order":50,"comment_status":"closed","ping_status":"closed","template":"","meta":{"footnotes":""},"class_list":["post-1597","page","type-page","status-publish","hentry","description-off"],"translation":{"provider":"WPGlobus","version":"3.0.2","language":"ls","enabled_languages":["de","ls"],"languages":{"de":{"title":true,"content":true,"excerpt":false},"ls":{"title":false,"content":false,"excerpt":false}}},"aioseo_notices":[],"_links":{"self":[{"href":"https:\/\/visionale-leipzig.de\/ls\/wp-json\/wp\/v2\/pages\/1597","targetHints":{"allow":["GET"]}}],"collection":[{"href":"https:\/\/visionale-leipzig.de\/ls\/wp-json\/wp\/v2\/pages"}],"about":[{"href":"https:\/\/visionale-leipzig.de\/ls\/wp-json\/wp\/v2\/types\/page"}],"author":[{"embeddable":true,"href":"https:\/\/visionale-leipzig.de\/ls\/wp-json\/wp\/v2\/users\/1"}],"replies":[{"embeddable":true,"href":"https:\/\/visionale-leipzig.de\/ls\/wp-json\/wp\/v2\/comments?post=1597"}],"version-history":[{"count":28,"href":"https:\/\/visionale-leipzig.de\/ls\/wp-json\/wp\/v2\/pages\/1597\/revisions"}],"predecessor-version":[{"id":7848,"href":"https:\/\/visionale-leipzig.de\/ls\/wp-json\/wp\/v2\/pages\/1597\/revisions\/7848"}],"up":[{"embeddable":true,"href":"https:\/\/visionale-leipzig.de\/ls\/wp-json\/wp\/v2\/pages\/1519"}],"wp:attachment":[{"href":"https:\/\/visionale-leipzig.de\/ls\/wp-json\/wp\/v2\/media?parent=1597"}],"curies":[{"name":"wp","href":"https:\/\/api.w.org\/{rel}","templated":true}]}}