{"id":2500,"date":"2020-08-18T22:50:02","date_gmt":"2020-08-18T20:50:02","guid":{"rendered":"http:\/\/neu.visionale-leipzig.de\/?page_id=2500"},"modified":"2025-01-27T19:40:45","modified_gmt":"2025-01-27T18:40:45","slug":"impressum","status":"publish","type":"page","link":"https:\/\/visionale-leipzig.de\/ls\/impressum\/","title":{"rendered":"Impressum"},"content":{"rendered":"<div class=\"wpb-content-wrapper\"><p>[vc_row type=&#8221;vc_default&#8221; bg_type=&#8221;image&#8221; parallax_style=&#8221;vcpb-vz-jquery&#8221; bg_image_new=&#8221;id^1350|url^https:\/\/visionale-leipzig.de\/wp-content\/uploads\/2020\/06\/IMG_2276.jpg|caption^null|alt^null|title^IMG_2276|description^null&#8221; bg_image_repeat=&#8221;no-repeat&#8221; bg_override=&#8221;full&#8221; enable_overlay=&#8221;enable_overlay_value&#8221; overlay_color=&#8221;rgba(0,0,0,0.5)&#8221; overlay_pattern=&#8221;transperant&#8221; css=&#8221;.vc_custom_1593545952524{padding-top: 130px !important;padding-bottom: 50px !important;background-color: #000000 !important;}&#8221;][vc_column offset=&#8221;vc_col-lg-offset-0 vc_col-md-offset-0 vc_col-sm-offset-0 vc_col-xs-12&#8243;][vc_row_inner content_placement=&#8221;middle&#8221; css=&#8221;.vc_custom_1596725872418{padding-top: 6% !important;padding-bottom: 6% !important;}&#8221;][vc_column_inner offset=&#8221;vc_col-lg-12 vc_col-md-12&#8243;]<div id=\"ultimate-heading-38869de48b6ad329\" class=\"uvc-heading ult-adjust-bottom-margin ultimate-heading-38869de48b6ad329 uvc-1445 \" data-hspacer=\"no_spacer\"  data-halign=\"center\" style=\"text-align:center\"><div class=\"uvc-heading-spacer no_spacer\" style=\"top\"><\/div><div class=\"uvc-main-heading ult-responsive\"  data-ultimate-target='.uvc-heading.ultimate-heading-38869de48b6ad329 h2'  data-responsive-json-new='{\"font-size\":\"desktop:70px;tablet:60px;tablet_portrait:50px;mobile_landscape:40px;mobile:30px;\",\"line-height\":\"desktop:78px;tablet:68px;tablet_portrait:58px;mobile_landscape:48px;mobile:38px;\"}' ><h2 style=\"--font-weight:theme;color:#ffffff;\">Impressum<\/h2><\/div><\/div>[\/vc_column_inner][\/vc_row_inner][\/vc_column][\/vc_row][vc_row margin_top=&#8221;60px&#8221;][vc_column][vc_column_text css=&#8221;&#8221;]Verantwortlicher der Webseite\u00a0<a href=\"http:\/\/www.visionale-leipzig.de\/\">www.visionale-leipzig.de<\/a>\u00a0und der darauf verweisenden Alias-Domains im Sinne des \u00a7 6 Teledienste-Gesetz (TDG) und des \u00a7 10 Mediendienste-Staatsvertrag (MDStV) ist:<\/p>\n<p>Medienp\u00e4dagogik e.V.<br \/>\nProf. Dr. Bernd Schorb\u00a0(1. Vorsitzender)<br \/>\nEmil-Fuchs-Stra\u00dfe 1<br \/>\n04105 Leipzig<\/p>\n<p>Telefon: 0341\u00a0&#8211; 97 35850<br \/>\nTelefax: 0341\u00a0&#8211; 97 35859<\/p>\n<p>&nbsp;<\/p>\n<p>Vereinsregister (nach \u00a7 6 Nr. 1 TDG): Amtsgericht Leipzig unter der Registernummer 3251<\/p>\n<p>&nbsp;<\/p>\n<p><strong>Ansprechpartner f\u00fcr die Inhalte der Webseite:<\/strong><\/p>\n<p>Medienp\u00e4dagogik e.V.<br \/>\nDesiree Sander<br \/>\nProjektb\u00fcro VISIONALE<\/p>\n<p>Emil-Fuchs-Stra\u00dfe 1<br \/>\n04105 Leipzig<\/p>\n<p>Telefon: 0341\u00a0&#8211; 97 35854<br \/>\nTelefax: 0341\u00a0&#8211; 97 35859<\/p>\n<p>Email:\u00a0<a href=\"mailto:projektbuero@visionale-leipzig.de\">projektbuero@visionale-leipzig.de<\/a><\/p>\n<p>&nbsp;<\/p>\n<p><strong>Bilder<\/strong>: VISIONALE LEIPZIG<br \/>\nund www.pixabay.com<\/p>\n<p>&nbsp;<\/p>\n<p><strong>Webdesign:<\/strong><\/p>\n<p>Marie Kemmner<\/p>\n<p>&nbsp;<\/p>\n<p><strong>Programmierung und Umsetzung Onlineanmeldung:<\/strong><\/p>\n<p>Tim Seppelt<\/p>\n<p>&nbsp;<\/p>\n<p><strong>Haftung f\u00fcr Inhalte<\/strong><\/p>\n<p>Als Diensteanbieter sind wir gem\u00e4\u00df \u00a7 7 Abs.1 TMG f\u00fcr eigene Inhalte auf diesen Seiten nach den allgemeinen Gesetzen verantwortlich. Nach \u00a7\u00a7 8 bis 10 TMG sind wir als Diensteanbieter jedoch nicht verpflichtet, \u00fcbermittelte oder gespeicherte fremde Informationen zu \u00fcberwachen oder nach Umst\u00e4nden zu forschen, die auf eine rechtswidrige T\u00e4tigkeit hinweisen.<\/p>\n<p>Verpflichtungen zur Entfernung oder Sperrung der Nutzung von Informationen nach den allgemeinen Gesetzen bleiben hiervon unber\u00fchrt. Eine diesbez\u00fcgliche Haftung ist jedoch erst ab dem Zeitpunkt der Kenntnis einer konkreten Rechtsverletzung m\u00f6glich. Bei Bekanntwerden von entsprechenden Rechtsverletzungen werden wir diese Inhalte umgehend entfernen.<\/p>\n<p>&nbsp;<\/p>\n<p><strong>Haftung f\u00fcr Links<\/strong><\/p>\n<p>Unser Angebot enth\u00e4lt Links zu externen Webseiten Dritter, auf deren Inhalte wir keinen Einfluss haben. Deshalb k\u00f6nnen wir f\u00fcr diese fremden Inhalte auch keine Gew\u00e4hr \u00fcbernehmen. F\u00fcr die Inhalte der verlinkten Seiten ist stets der jeweilige Anbieter oder Betreiber der Seiten verantwortlich. Die verlinkten Seiten wurden zum Zeitpunkt der Verlinkung auf m\u00f6gliche Rechtsverst\u00f6\u00dfe \u00fcberpr\u00fcft. Rechtswidrige Inhalte waren zum Zeitpunkt der Verlinkung nicht erkennbar.<\/p>\n<p>Eine permanente inhaltliche Kontrolle der verlinkten Seiten ist jedoch ohne konkrete Anhaltspunkte einer Rechtsverletzung nicht zumutbar. Bei Bekanntwerden von Rechtsverletzungen werden wir derartige Links umgehend entfernen.<\/p>\n<p>&nbsp;<\/p>\n<p><strong>Urheberrecht<\/strong><\/p>\n<p>Die durch die Seitenbetreiber erstellten Inhalte und Werke auf diesen Seiten unterliegen dem deutschen Urheberrecht. Die Vervielf\u00e4ltigung, Bearbeitung, Verbreitung und jede Art der Verwertung au\u00dferhalb der Grenzen des Urheberrechtes bed\u00fcrfen der schriftlichen Zustimmung des jeweiligen Autors bzw. Erstellers. Downloads und Kopien dieser Seite sind nur f\u00fcr den privaten, nicht kommerziellen Gebrauch gestattet.<\/p>\n<p>Soweit die Inhalte auf dieser Seite nicht vom Betreiber erstellt wurden, werden die Urheberrechte Dritter beachtet. Insbesondere werden Inhalte Dritter als solche gekennzeichnet. Sollten Sie trotzdem auf eine Urheberrechtsverletzung aufmerksam werden, bitten wir um einen entsprechenden Hinweis. Bei Bekanntwerden von Rechtsverletzungen werden wir derartige Inhalte umgehend entfernen.<\/p>\n<p>Quelle: <a href=\"https:\/\/www.erecht24.\" target=\"de\" rel=\"noopener noreferrer\">eRecht24<\/a>[\/vc_column_text][\/vc_column][\/vc_row][vc_section css=&#8221;.vc_custom_1593545444605{margin-right: 5% !important;padding-top: 70px !important;}&#8221;][\/vc_section]<\/p>\n<\/div>","protected":false},"excerpt":{"rendered":"<p>[vc_row type=&#8221;vc_default&#8221; bg_type=&#8221;image&#8221; parallax_style=&#8221;vcpb-vz-jquery&#8221; bg_image_new=&#8221;id^1350|url^https:\/\/visionale-leipzig.de\/wp-content\/uploads\/2020\/06\/IMG_2276.jpg|caption^null|alt^null|title^IMG_2276|description^null&#8221; bg_image_repeat=&#8221;no-repeat&#8221; bg_override=&#8221;full&#8221; enable_overlay=&#8221;enable_overlay_value&#8221; overlay_color=&#8221;rgba(0,0,0,0.5)&#8221; overlay_pattern=&#8221;transperant&#8221; css=&#8221;.vc_custom_1593545952524{padding-top: 130px !important;padding-bottom: 50px !important;background-color: #000000 !important;}&#8221;][vc_column offset=&#8221;vc_col-lg-offset-0 vc_col-md-offset-0 vc_col-sm-offset-0 vc_col-xs-12&#8243;][vc_row_inner content_placement=&#8221;middle&#8221; css=&#8221;.vc_custom_1596725872418{padding-top: 6% !important;padding-bottom: 6% !important;}&#8221;][vc_column_inner offset=&#8221;vc_col-lg-12 vc_col-md-12&#8243;][\/vc_column_inner][\/vc_row_inner][\/vc_column][\/vc_row][vc_row margin_top=&#8221;60px&#8221;][vc_column][vc_column_text css=&#8221;&#8221;]Verantwortlicher der Webseite\u00a0www.visionale-leipzig.de\u00a0und der darauf verweisenden Alias-Domains im Sinne des \u00a7 6 Teledienste-Gesetz (TDG) und des \u00a7 10 Mediendienste-Staatsvertrag (MDStV) ist: Medienp\u00e4dagogik e.V. Prof. Dr.&hellip;<\/p>\n","protected":false},"author":1,"featured_media":0,"parent":0,"menu_order":0,"comment_status":"closed","ping_status":"open","template":"","meta":{"footnotes":""},"class_list":["post-2500","page","type-page","status-publish","hentry","description-off"],"translation":{"provider":"WPGlobus","version":"3.0.2","language":"ls","enabled_languages":["de","ls"],"languages":{"de":{"title":true,"content":true,"excerpt":false},"ls":{"title":false,"content":false,"excerpt":false}}},"aioseo_notices":[],"_links":{"self":[{"href":"https:\/\/visionale-leipzig.de\/ls\/wp-json\/wp\/v2\/pages\/2500","targetHints":{"allow":["GET"]}}],"collection":[{"href":"https:\/\/visionale-leipzig.de\/ls\/wp-json\/wp\/v2\/pages"}],"about":[{"href":"https:\/\/visionale-leipzig.de\/ls\/wp-json\/wp\/v2\/types\/page"}],"author":[{"embeddable":true,"href":"https:\/\/visionale-leipzig.de\/ls\/wp-json\/wp\/v2\/users\/1"}],"replies":[{"embeddable":true,"href":"https:\/\/visionale-leipzig.de\/ls\/wp-json\/wp\/v2\/comments?post=2500"}],"version-history":[{"count":7,"href":"https:\/\/visionale-leipzig.de\/ls\/wp-json\/wp\/v2\/pages\/2500\/revisions"}],"predecessor-version":[{"id":7864,"href":"https:\/\/visionale-leipzig.de\/ls\/wp-json\/wp\/v2\/pages\/2500\/revisions\/7864"}],"wp:attachment":[{"href":"https:\/\/visionale-leipzig.de\/ls\/wp-json\/wp\/v2\/media?parent=2500"}],"curies":[{"name":"wp","href":"https:\/\/api.w.org\/{rel}","templated":true}]}}