{"id":4717,"date":"2022-11-23T16:01:34","date_gmt":"2022-11-23T15:01:34","guid":{"rendered":"https:\/\/visionale-leipzig.de\/?page_id=4717"},"modified":"2024-11-21T18:36:28","modified_gmt":"2024-11-21T17:36:28","slug":"visionale-show","status":"publish","type":"page","link":"https:\/\/visionale-leipzig.de\/ls\/festival\/visionale-show\/","title":{"rendered":"VISIONALE Preisverleihung 2024"},"content":{"rendered":"<div class=\"wpb-content-wrapper\"><p>[vc_row type=&#8221;vc_default&#8221; bg_type=&#8221;image&#8221; parallax_style=&#8221;vcpb-vz-jquery&#8221; bg_image_new=&#8221;id^4107|url^https:\/\/visionale-leipzig.de\/wp-content\/uploads\/2021\/11\/Visionale_Illustration_digital_web2.jpg|caption^null|alt^null|title^Visionale_Illustration_digital_web2|description^null&#8221; bg_image_repeat=&#8221;no-repeat&#8221; bg_override=&#8221;full&#8221; enable_overlay=&#8221;enable_overlay_value&#8221; overlay_color=&#8221;rgba(0,0,0,0.5)&#8221; overlay_pattern=&#8221;transperant&#8221; css=&#8221;.vc_custom_1637180665585{padding-top: 130px !important;padding-bottom: 50px !important;background-color: #000000 !important;}&#8221;][vc_column offset=&#8221;vc_col-lg-offset-0 vc_col-md-offset-0 vc_col-sm-offset-0 vc_col-xs-12&#8243;][vc_row_inner content_placement=&#8221;middle&#8221; css=&#8221;.vc_custom_1572362638484{padding-top: 6% !important;padding-bottom: 6% !important;}&#8221;][vc_column_inner offset=&#8221;vc_col-lg-12 vc_col-md-12&#8243;]<div id=\"ultimate-heading-363369e61fc52a68e\" class=\"uvc-heading ult-adjust-bottom-margin ultimate-heading-363369e61fc52a68e uvc-1527 \" data-hspacer=\"no_spacer\"  data-halign=\"center\" style=\"text-align:center\"><div class=\"uvc-heading-spacer no_spacer\" style=\"top\"><\/div><div class=\"uvc-main-heading ult-responsive\"  data-ultimate-target='.uvc-heading.ultimate-heading-363369e61fc52a68e h2'  data-responsive-json-new='{\"font-size\":\"desktop:70px;tablet:60px;tablet_portrait:50px;mobile_landscape:40px;mobile:30px;\",\"line-height\":\"desktop:78px;tablet:68px;tablet_portrait:58px;mobile_landscape:48px;mobile:38px;\"}' ><h2 style=\"--font-weight:theme;color:#ffffff;\">VISIONALE Preisverleihung<\/h2><\/div><\/div>[\/vc_column_inner][\/vc_row_inner][\/vc_column][\/vc_row][vc_section css=&#8221;.vc_custom_1604855912442{margin-bottom: 80px !important;padding-top: 70px !important;}&#8221;][vc_row][vc_column]<div id=\"ultimate-heading-364569e61fc52a7a4\" class=\"uvc-heading ult-adjust-bottom-margin ultimate-heading-364569e61fc52a7a4 uvc-3880 accent-border-color\" data-hspacer=\"line_only\"  data-halign=\"center\" style=\"text-align:center\"><div class=\"uvc-main-heading ult-responsive\"  data-ultimate-target='.uvc-heading.ultimate-heading-364569e61fc52a7a4 h2'  data-responsive-json-new='{\"font-size\":\"desktop:46px;tablet_portrait:35px;mobile:25px;\",\"line-height\":\"desktop:56px;tablet_portrait:45px;mobile:35px;\"}' ><h2 style=\"--font-weight:theme;margin-bottom:15px;\">Das B\u00fchnenprogramm der VISIONALE Show 2024<\/h2><\/div><div class=\"uvc-heading-spacer line_only\" style=\"margin-bottom:25px;height:6px;\"><span class=\"uvc-headings-line\" style=\"border-style:solid;border-bottom-width:6px;border-color:;width:70px;\"><\/span><\/div><\/div><div id=\"ultib3-386987235269e61fc52a846\" class=\" ultb3-box ult-adjust-bottom-margin  \" style=\"background-color: #00748e;\"><div id=\"Info-banner-wrap3182\" class=\"ultb3-info ib3-info-center\" data-animation=\"\" data-animation-delay=\"03\"><div class=\"ultb3-title ult-responsive\"  data-ultimate-target='#Info-banner-wrap3182 .ultb3-title'  data-responsive-json-new='{\"font-size\":\"\",\"line-height\":\"\"}'  style=\"font-weight:normal;color:#ffffff;\">16:00 Uhr<\/div><div class=\"ultb3-desc ult-responsive\"  data-ultimate-target='#Info-banner-wrap3182 .ultb3-desc'  data-responsive-json-new='{\"font-size\":\"\",\"line-height\":\"\"}'  style=\"font-weight:normal;color:#ffffff;\">Start der Preisverleihung auf der Gro\u00dfen B\u00fchne<\/div><\/div><\/div><style>\n\t\t\t\t\t#ultib3-386987235269e61fc52a846 {\n\t\t\t\t\t\tmin-height:50px;\n\t\t\t\t\t}\n\t\t\t\t\t#ultib3-386987235269e61fc52a846 img.ultb3-img {\n\t\t\t\t\t\theight: px;\n\t\t\t\t\t}\n\t\t\t\t\t#ultib3-386987235269e61fc52a846 .ultb3-btn {\n\t\t\t\t\t\tborder:2px solid #1e73be;border-radius:50px;color:#ffffff;\n\t\t\t\t\t}\n\t\t\t\t\t#ultib3-386987235269e61fc52a846 .ultb3-btn:hover {\n\t\t\t\t\t\tbackground:#1e73be;color:#ffffff;\n\t\t\t\t\t}\n\t\t\t\t\t#ultib3-386987235269e61fc52a846 .ultb3-btn:focus {\n\t\t\t\t\t\toutline: 2px solid #005fcc;\n\t\t\t\t\t\toutline-offset: 2px;\n\t\t\t\t\t}\n\t\t\t\t<\/style><div id=\"ultib3-205980354869e61fc52a8d1\" class=\" ultb3-box ult-adjust-bottom-margin  \" style=\"background-color: #b8007d;\"><div id=\"Info-banner-wrap1979\" class=\"ultb3-info ib3-info-center\" data-animation=\"\" data-animation-delay=\"03\"><div class=\"ultb3-title ult-responsive\"  data-ultimate-target='#Info-banner-wrap1979 .ultb3-title'  data-responsive-json-new='{\"font-size\":\"\",\"line-height\":\"\"}'  style=\"font-weight:normal;color:#ffffff;\">16:30 Uhr<\/div><div class=\"ultb3-desc ult-responsive\"  data-ultimate-target='#Info-banner-wrap1979 .ultb3-desc'  data-responsive-json-new='{\"font-size\":\"\",\"line-height\":\"\"}'  style=\"font-weight:normal;color:#ffffff;\">Preisverleihung der Kategorie MEDIENSTARTER<\/div><\/div><\/div><style>\n\t\t\t\t\t#ultib3-205980354869e61fc52a8d1 {\n\t\t\t\t\t\tmin-height:50px;\n\t\t\t\t\t}\n\t\t\t\t\t#ultib3-205980354869e61fc52a8d1 img.ultb3-img {\n\t\t\t\t\t\theight: px;\n\t\t\t\t\t}\n\t\t\t\t\t#ultib3-205980354869e61fc52a8d1 .ultb3-btn {\n\t\t\t\t\t\tborder:2px solid #1e73be;border-radius:50px;color:#898989;\n\t\t\t\t\t}\n\t\t\t\t\t#ultib3-205980354869e61fc52a8d1 .ultb3-btn:hover {\n\t\t\t\t\t\tbackground:#1e73be;color:#ffffff;\n\t\t\t\t\t}\n\t\t\t\t\t#ultib3-205980354869e61fc52a8d1 .ultb3-btn:focus {\n\t\t\t\t\t\toutline: 2px solid #005fcc;\n\t\t\t\t\t\toutline-offset: 2px;\n\t\t\t\t\t}\n\t\t\t\t<\/style><div id=\"ultib3-165515714769e61fc52a924\" class=\" ultb3-box ult-adjust-bottom-margin  \" style=\"background-color: #dd9933;\"><div id=\"Info-banner-wrap3863\" class=\"ultb3-info ib3-info-center\" data-animation=\"\" data-animation-delay=\"03\"><div class=\"ultb3-title ult-responsive\"  data-ultimate-target='#Info-banner-wrap3863 .ultb3-title'  data-responsive-json-new='{\"font-size\":\"\",\"line-height\":\"\"}'  style=\"font-weight:normal;color:#ffffff;\">16:50 Uhr<\/div><div class=\"ultb3-desc ult-responsive\"  data-ultimate-target='#Info-banner-wrap3863 .ultb3-desc'  data-responsive-json-new='{\"font-size\":\"\",\"line-height\":\"\"}'  style=\"font-weight:normal;color:#ffffff;\">Preisverleihung der Kategorie SCHULE MACHT MEDIEN<\/div><\/div><\/div><style>\n\t\t\t\t\t#ultib3-165515714769e61fc52a924 {\n\t\t\t\t\t\tmin-height:50px;\n\t\t\t\t\t}\n\t\t\t\t\t#ultib3-165515714769e61fc52a924 img.ultb3-img {\n\t\t\t\t\t\theight: px;\n\t\t\t\t\t}\n\t\t\t\t\t#ultib3-165515714769e61fc52a924 .ultb3-btn {\n\t\t\t\t\t\tborder:2px solid #1e73be;border-radius:50px;color:#898989;\n\t\t\t\t\t}\n\t\t\t\t\t#ultib3-165515714769e61fc52a924 .ultb3-btn:hover {\n\t\t\t\t\t\tbackground:#1e73be;color:#ffffff;\n\t\t\t\t\t}\n\t\t\t\t\t#ultib3-165515714769e61fc52a924 .ultb3-btn:focus {\n\t\t\t\t\t\toutline: 2px solid #005fcc;\n\t\t\t\t\t\toutline-offset: 2px;\n\t\t\t\t\t}\n\t\t\t\t<\/style><div id=\"ultib3-301044843669e61fc52a973\" class=\" ultb3-box ult-adjust-bottom-margin  \" style=\"background-color: #00748e;\"><div id=\"Info-banner-wrap4924\" class=\"ultb3-info ib3-info-center\" data-animation=\"\" data-animation-delay=\"03\"><div class=\"ultb3-title ult-responsive\"  data-ultimate-target='#Info-banner-wrap4924 .ultb3-title'  data-responsive-json-new='{\"font-size\":\"\",\"line-height\":\"\"}'  style=\"font-weight:normal;color:#ffffff;\">17:05 Uhr<\/div><div class=\"ultb3-desc ult-responsive\"  data-ultimate-target='#Info-banner-wrap4924 .ultb3-desc'  data-responsive-json-new='{\"font-size\":\"\",\"line-height\":\"\"}'  style=\"font-weight:normal;color:#ffffff;\">Preisverleihung der Kategorie MEDIENMACHER<\/div><\/div><\/div><style>\n\t\t\t\t\t#ultib3-301044843669e61fc52a973 {\n\t\t\t\t\t\tmin-height:50px;\n\t\t\t\t\t}\n\t\t\t\t\t#ultib3-301044843669e61fc52a973 img.ultb3-img {\n\t\t\t\t\t\theight: px;\n\t\t\t\t\t}\n\t\t\t\t\t#ultib3-301044843669e61fc52a973 .ultb3-btn {\n\t\t\t\t\t\tborder:2px solid #1e73be;border-radius:50px;color:#898989;\n\t\t\t\t\t}\n\t\t\t\t\t#ultib3-301044843669e61fc52a973 .ultb3-btn:hover {\n\t\t\t\t\t\tbackground:#1e73be;color:#ffffff;\n\t\t\t\t\t}\n\t\t\t\t\t#ultib3-301044843669e61fc52a973 .ultb3-btn:focus {\n\t\t\t\t\t\toutline: 2px solid #005fcc;\n\t\t\t\t\t\toutline-offset: 2px;\n\t\t\t\t\t}\n\t\t\t\t<\/style><div id=\"ultib3-336444645069e61fc52a9c0\" class=\" ultb3-box ult-adjust-bottom-margin  \" style=\"background-color: #b8007d;\"><div id=\"Info-banner-wrap7935\" class=\"ultb3-info ib3-info-center\" data-animation=\"\" data-animation-delay=\"03\"><div class=\"ultb3-title ult-responsive\"  data-ultimate-target='#Info-banner-wrap7935 .ultb3-title'  data-responsive-json-new='{\"font-size\":\"\",\"line-height\":\"\"}'  style=\"font-weight:normal;color:#ffffff;\">17:25 Uhr<\/div><div class=\"ultb3-desc ult-responsive\"  data-ultimate-target='#Info-banner-wrap7935 .ultb3-desc'  data-responsive-json-new='{\"font-size\":\"\",\"line-height\":\"\"}'  style=\"font-weight:normal;color:#ffffff;\">Preisverleihung der Kategorie PUBLIKUMSPREIS<\/div><\/div><\/div><style>\n\t\t\t\t\t#ultib3-336444645069e61fc52a9c0 {\n\t\t\t\t\t\tmin-height:50px;\n\t\t\t\t\t}\n\t\t\t\t\t#ultib3-336444645069e61fc52a9c0 img.ultb3-img {\n\t\t\t\t\t\theight: px;\n\t\t\t\t\t}\n\t\t\t\t\t#ultib3-336444645069e61fc52a9c0 .ultb3-btn {\n\t\t\t\t\t\tborder:2px solid #1e73be;border-radius:50px;color:#898989;\n\t\t\t\t\t}\n\t\t\t\t\t#ultib3-336444645069e61fc52a9c0 .ultb3-btn:hover {\n\t\t\t\t\t\tbackground:#1e73be;color:#ffffff;\n\t\t\t\t\t}\n\t\t\t\t\t#ultib3-336444645069e61fc52a9c0 .ultb3-btn:focus {\n\t\t\t\t\t\toutline: 2px solid #005fcc;\n\t\t\t\t\t\toutline-offset: 2px;\n\t\t\t\t\t}\n\t\t\t\t<\/style>[\/vc_column][\/vc_row][\/vc_section][vc_row][vc_column]<div id=\"ultimate-heading-166869e61fc52aa0f\" class=\"uvc-heading ult-adjust-bottom-margin ultimate-heading-166869e61fc52aa0f uvc-5875 accent-border-color\" data-hspacer=\"line_only\"  data-halign=\"left\" style=\"text-align:left\"><div class=\"uvc-main-heading ult-responsive\"  data-ultimate-target='.uvc-heading.ultimate-heading-166869e61fc52aa0f h2'  data-responsive-json-new='{\"font-size\":\"desktop:46px;tablet_portrait:35px;\",\"line-height\":\"desktop:56px;tablet_portrait:45px;\"}' ><h2 style=\"--font-weight:theme;margin-bottom:15px;\">Die VISIONALE Show<\/h2><\/div><div class=\"uvc-heading-spacer line_only\" style=\"margin-bottom:25px;height:6px;\"><span class=\"uvc-headings-line\" style=\"border-style:solid;border-bottom-width:6px;border-color:;width:70px;\"><\/span><\/div><\/div>[vc_row_inner][vc_column_inner][vc_column_text css=&#8221;&#8221;]Der Medienwettbewerb VISIONALE LEIPZIG geht in die 34. Runde. Am 24. November werden im Schauspiel Leipzig ab 16:00 Uhr die Preise in den Kategorien Medienstarter, Schule macht Medien und Medienmacher verliehen. Nat\u00fcrlich gibt es auch wieder einen Publikumspreis \u00fcber den das Publikum entscheiden kann.<\/p>\n<p>Mit spannenden Talk-G\u00e4sten f\u00fchren Aleks, Leonie und Wenzel durch die Show. Die Band G\u00f6rda \u00fcbernimmt die Live-Musik.<\/p>\n<p>Die VISIONALE LEIPZIG findet seit 1991 j\u00e4hrlich statt. Veranstaltet wird Sachsens \u00e4ltester Medienwettbewerb vom Arbeitskreis Medienp\u00e4dagogik der Stadt Leipzig. Unterst\u00fctzt wird die Veranstaltung vom Schauspiel Leipzig und der Universit\u00e4t Leipzig.<\/p>\n<p>Gef\u00f6rdert wird die VISIONALE LEIPZIG 2024 von der Stadt Leipzig, der S\u00e4chsischen Landesanstalt , dem Staatsministerium f\u00fcr Kultus des Freistaats Sachsen, der S\u00e4chsischen Stiftung f\u00fcr Medienausbildung, der Medienstiftung der Sparkasse Leipzig, der Leipzigstiftung und der Stiftung Leipzig hilft Kindern.<\/p>\n<p><em>\u00a0<\/em>[\/vc_column_text]<div id=\"highlight-box-wrap-5331\"  data-ultimate-target='#highlight-box-wrap-5331'  data-responsive-json-new='{\"font-size\":\"desktop:20px;mobile:15px;\",\"line-height\":\"desktop:30px;\"}'  class=\"ultimate-call-to-action ult-adjust-bottom-margin  ctaction-text-center ult-responsive\" style=\"font-weight:normal;color:#ffffff;background:#00748e;padding-top:20px;padding-bottom:20px;\"  data-background=\"#00748e\"  data-background-hover=\"#b8007d\"  data-override=\"0\" ><div class=\"uvc-ctaction-data uvc-ctaction-data-no-effect ult-responsive\">Zur\u00fcck<\/div><a class=\"ulimate-call-to-action-link\" href=\"https:\/\/visionale-leipzig.de\/festivalseite-2024\/\" title=\"Medienfestival 2024\" ><\/a><\/div><div class=\"ult-spacer spacer-69e61fc52aa9e\" data-id=\"69e61fc52aa9e\" data-height=\"100\" data-height-mobile=\"50\" data-height-tab=\"50\" data-height-tab-portrait=\"50\" data-height-mobile-landscape=\"50\" style=\"clear:both;display:block;\"><\/div>[\/vc_column_inner][\/vc_row_inner][\/vc_column][\/vc_row][vc_row][vc_column][vc_column_text]<\/p>\n<p>[\/vc_column_text][\/vc_column][\/vc_row]<\/p>\n<\/div>","protected":false},"excerpt":{"rendered":"<p>[vc_row type=&#8221;vc_default&#8221; bg_type=&#8221;image&#8221; parallax_style=&#8221;vcpb-vz-jquery&#8221; bg_image_new=&#8221;id^4107|url^https:\/\/visionale-leipzig.de\/wp-content\/uploads\/2021\/11\/Visionale_Illustration_digital_web2.jpg|caption^null|alt^null|title^Visionale_Illustration_digital_web2|description^null&#8221; bg_image_repeat=&#8221;no-repeat&#8221; bg_override=&#8221;full&#8221; enable_overlay=&#8221;enable_overlay_value&#8221; overlay_color=&#8221;rgba(0,0,0,0.5)&#8221; overlay_pattern=&#8221;transperant&#8221; css=&#8221;.vc_custom_1637180665585{padding-top: 130px !important;padding-bottom: 50px !important;background-color: #000000 !important;}&#8221;][vc_column offset=&#8221;vc_col-lg-offset-0 vc_col-md-offset-0 vc_col-sm-offset-0 vc_col-xs-12&#8243;][vc_row_inner content_placement=&#8221;middle&#8221; css=&#8221;.vc_custom_1572362638484{padding-top: 6% !important;padding-bottom: 6% !important;}&#8221;][vc_column_inner offset=&#8221;vc_col-lg-12 vc_col-md-12&#8243;][\/vc_column_inner][\/vc_row_inner][\/vc_column][\/vc_row][vc_section css=&#8221;.vc_custom_1604855912442{margin-bottom: 80px !important;padding-top: 70px !important;}&#8221;][vc_row][vc_column][\/vc_column][\/vc_row][\/vc_section][vc_row][vc_column][vc_row_inner][vc_column_inner][vc_column_text css=&#8221;&#8221;]Der Medienwettbewerb VISIONALE LEIPZIG geht in die 34. Runde. Am 24. November werden im Schauspiel Leipzig ab 16:00 Uhr die Preise&hellip;<\/p>\n","protected":false},"author":1,"featured_media":0,"parent":1634,"menu_order":0,"comment_status":"closed","ping_status":"closed","template":"","meta":{"footnotes":""},"class_list":["post-4717","page","type-page","status-publish","hentry","description-off"],"translation":{"provider":"WPGlobus","version":"3.0.2","language":"ls","enabled_languages":["de","ls"],"languages":{"de":{"title":true,"content":true,"excerpt":false},"ls":{"title":false,"content":false,"excerpt":false}}},"aioseo_notices":[],"_links":{"self":[{"href":"https:\/\/visionale-leipzig.de\/ls\/wp-json\/wp\/v2\/pages\/4717","targetHints":{"allow":["GET"]}}],"collection":[{"href":"https:\/\/visionale-leipzig.de\/ls\/wp-json\/wp\/v2\/pages"}],"about":[{"href":"https:\/\/visionale-leipzig.de\/ls\/wp-json\/wp\/v2\/types\/page"}],"author":[{"embeddable":true,"href":"https:\/\/visionale-leipzig.de\/ls\/wp-json\/wp\/v2\/users\/1"}],"replies":[{"embeddable":true,"href":"https:\/\/visionale-leipzig.de\/ls\/wp-json\/wp\/v2\/comments?post=4717"}],"version-history":[{"count":19,"href":"https:\/\/visionale-leipzig.de\/ls\/wp-json\/wp\/v2\/pages\/4717\/revisions"}],"predecessor-version":[{"id":7572,"href":"https:\/\/visionale-leipzig.de\/ls\/wp-json\/wp\/v2\/pages\/4717\/revisions\/7572"}],"up":[{"embeddable":true,"href":"https:\/\/visionale-leipzig.de\/ls\/wp-json\/wp\/v2\/pages\/1634"}],"wp:attachment":[{"href":"https:\/\/visionale-leipzig.de\/ls\/wp-json\/wp\/v2\/media?parent=4717"}],"curies":[{"name":"wp","href":"https:\/\/api.w.org\/{rel}","templated":true}]}}